{"id":235,"date":"2026-01-04T11:05:23","date_gmt":"2026-01-04T14:05:23","guid":{"rendered":"https:\/\/camposdefrutillar.cl\/?page_id=235"},"modified":"2026-01-15T10:44:56","modified_gmt":"2026-01-15T13:44:56","slug":"precios","status":"publish","type":"page","link":"https:\/\/camposdefrutillar.cl\/index.php\/precios\/","title":{"rendered":"Tarifas"},"content":{"rendered":"\t\t<div data-elementor-type=\"wp-page\" data-elementor-id=\"235\" class=\"elementor elementor-235\" data-elementor-post-type=\"page\">\n\t\t\t\t<div class=\"elementor-element elementor-element-329d245 e-flex e-con-boxed e-con e-parent\" data-id=\"329d245\" data-element_type=\"container\" data-settings=\"{&quot;background_background&quot;:&quot;classic&quot;}\">\n\t\t\t\t\t<div class=\"e-con-inner\">\n\t\t<div class=\"elementor-element elementor-element-227a872 e-con-full e-flex e-con e-child\" data-id=\"227a872\" data-element_type=\"container\">\n\t\t\t\t<div class=\"elementor-element elementor-element-c97f6fb elementor-widget elementor-widget-heading\" data-id=\"c97f6fb\" data-element_type=\"widget\" data-widget_type=\"heading.default\">\n\t\t\t\t\t<h2 class=\"elementor-heading-title elementor-size-default\">Bienvenidos a<\/h2>\t\t\t\t<\/div>\n\t\t<div class=\"elementor-element elementor-element-5e0a2b6 e-con-full e-flex e-con e-child\" data-id=\"5e0a2b6\" data-element_type=\"container\">\n\t\t\t\t<div class=\"elementor-element elementor-element-63fc65e elementor-widget elementor-widget-heading\" data-id=\"63fc65e\" data-element_type=\"widget\" data-widget_type=\"heading.default\">\n\t\t\t\t\t<h1 class=\"elementor-heading-title elementor-size-default\">campos de Frutillar<\/h1>\t\t\t\t<\/div>\n\t\t\t\t<\/div>\n\t\t\t\t<\/div>\n\t\t\t\t\t<\/div>\n\t\t\t\t<\/div>\n\t\t<div class=\"elementor-element elementor-element-vy080n2 e-flex e-con-boxed e-con e-parent\" data-id=\"vy080n2\" data-element_type=\"container\">\n\t\t\t\t\t<div class=\"e-con-inner\">\n\t\t<div class=\"elementor-element elementor-element-f6f7e27 e-flex e-con-boxed e-con e-child\" data-id=\"f6f7e27\" data-element_type=\"container\" data-settings=\"{&quot;background_background&quot;:&quot;classic&quot;}\">\n\t\t\t\t\t<div class=\"e-con-inner\">\n\t\t\t\t<div class=\"elementor-element elementor-element-d16f5b6 elementor-widget elementor-widget-heading\" data-id=\"d16f5b6\" data-element_type=\"widget\" data-widget_type=\"heading.default\">\n\t\t\t\t\t<h2 class=\"elementor-heading-title elementor-size-default\">Tarifario 2025-2026<\/h2>\t\t\t\t<\/div>\n\t\t\t\t<div class=\"elementor-element elementor-element-49160ad elementor-widget-divider--view-line elementor-widget elementor-widget-divider\" data-id=\"49160ad\" data-element_type=\"widget\" data-widget_type=\"divider.default\">\n\t\t\t\t\t\t\t<div class=\"elementor-divider\">\n\t\t\t<span class=\"elementor-divider-separator\">\n\t\t\t\t\t\t<\/span>\n\t\t<\/div>\n\t\t\t\t\t\t<\/div>\n\t\t<div class=\"elementor-element elementor-element-a306a4a e-con-full e-flex e-con e-child\" data-id=\"a306a4a\" data-element_type=\"container\">\n\t\t\t\t<div class=\"elementor-element elementor-element-2d341c1 elementor-widget elementor-widget-tablepress-table\" data-id=\"2d341c1\" data-element_type=\"widget\" data-widget_type=\"tablepress-table.default\">\n\t\t\t\t\t\n<table id=\"tablepress-4\" class=\"tablepress tablepress-id-4\">\n<thead>\n<tr class=\"row-1\">\n\t<td class=\"column-1\"><\/td><th class=\"column-2\">Temporada Baja*<br \/>\n(Valor por noche)<\/th><th class=\"column-3\">Temporada Alta*<br \/>\n(Valor por noche)<\/th>\n<\/tr>\n<\/thead>\n<tbody class=\"row-striping row-hover\">\n<tr class=\"row-2\">\n\t<td class=\"column-1\">Caba\u00f1a hasta 5 personas<br \/>\nM\u00ednimo 2 noches<\/td><td class=\"column-2\">$45.000<\/td><td class=\"column-3\">$65.000<\/td>\n<\/tr>\n<tr class=\"row-3\">\n\t<td class=\"column-1\">Caba\u00f1a hasta 5 personas 1 noche<\/td><td class=\"column-2\">$55.000<\/td><td class=\"column-3\">$75.000<\/td>\n<\/tr>\n<tr class=\"row-4\">\n\t<td class=\"column-1\">Tinaja caliente 4 personas (uso de 3 a 4 horas aprox)<\/td><td class=\"column-2\">$35.000<\/td><td class=\"column-3\">$35.000<\/td>\n<\/tr>\n<tr class=\"row-5\">\n\t<td class=\"column-1\">Desayuno standard*<\/td><td class=\"column-2\">$7.000 (por persona)<\/td><td class=\"column-3\">$7.000 (por persona)<\/td>\n<\/tr>\n<tr class=\"row-6\">\n\t<td class=\"column-1\">Mascotas (valor por estad\u00eda)<\/td><td class=\"column-2\">$20.000<\/td><td class=\"column-3\">$20.000<\/td>\n<\/tr>\n<\/tbody>\n<\/table>\n<!-- #tablepress-4 from cache -->\t\t\t\t<\/div>\n\t\t\t\t<\/div>\n\t\t\t\t\t<\/div>\n\t\t\t\t<\/div>\n\t\t\t\t\t<\/div>\n\t\t\t\t<\/div>\n\t\t<div class=\"elementor-element elementor-element-8f99e3c e-flex e-con-boxed e-con e-parent\" data-id=\"8f99e3c\" data-element_type=\"container\" data-settings=\"{&quot;background_background&quot;:&quot;classic&quot;}\">\n\t\t\t\t\t<div class=\"e-con-inner\">\n\t\t<div class=\"elementor-element elementor-element-ecfd50c e-con-full e-flex e-con e-child\" data-id=\"ecfd50c\" data-element_type=\"container\">\n\t\t\t\t<div class=\"elementor-element elementor-element-f97c233 elementor-widget elementor-widget-heading\" data-id=\"f97c233\" data-element_type=\"widget\" data-widget_type=\"heading.default\">\n\t\t\t\t\t<h3 class=\"elementor-heading-title elementor-size-default\">Para tener en cuenta<\/h3>\t\t\t\t<\/div>\n\t\t\t\t<div class=\"elementor-element elementor-element-de181b9 elementor-widget-divider--view-line elementor-widget elementor-widget-divider\" data-id=\"de181b9\" data-element_type=\"widget\" data-widget_type=\"divider.default\">\n\t\t\t\t\t\t\t<div class=\"elementor-divider\">\n\t\t\t<span class=\"elementor-divider-separator\">\n\t\t\t\t\t\t<\/span>\n\t\t<\/div>\n\t\t\t\t\t\t<\/div>\n\t\t\t\t<div class=\"elementor-element elementor-element-4fa8e2d elementor-widget elementor-widget-text-editor\" data-id=\"4fa8e2d\" data-element_type=\"widget\" data-widget_type=\"text-editor.default\">\n\t\t\t\t\t\t\t\t\t<p><span style=\"font-weight: 400;\">* Temporada Alta: 15 de diciembre &#8211; 15 de marzo<\/span><br \/><span style=\"font-weight: 400;\">* Temporada Baja: 16 de marzo &#8211; 14 de diciembre<\/span><br \/><span style=\"font-weight: 400;\">* Desayuno Autogestionado o en Casa Principal (seg\u00fan disponibilidad). Incluye: t\u00e9, caf\u00e9, leche, pan, mantequilla, mermelada, huevos, porci\u00f3n dulce del d\u00eda.<\/span><\/p><p><b style=\"font-style: inherit;\">Servicios con costo adicional<\/b><\/p><ul><li style=\"font-weight: 400;\" aria-level=\"1\"><span style=\"font-weight: 400;\">Tinaja de agua caliente<\/span><\/li><li style=\"font-weight: 400;\" aria-level=\"1\"><span style=\"font-weight: 400;\">Desayuno<\/span><\/li><\/ul><p><strong>* Pago con sistema transbank y webpay<\/strong><\/p>\t\t\t\t\t\t\t\t<\/div>\n\t\t\t\t<\/div>\n\t\t<div class=\"elementor-element elementor-element-6e8425f e-con-full e-flex e-con e-child\" data-id=\"6e8425f\" data-element_type=\"container\">\n\t\t\t\t<div class=\"elementor-element elementor-element-2aa7a61 elementor-widget elementor-widget-heading\" data-id=\"2aa7a61\" data-element_type=\"widget\" data-widget_type=\"heading.default\">\n\t\t\t\t\t<h3 class=\"elementor-heading-title elementor-size-default\"><span style=\"font-style: inherit\">Pol\u00edtica de Hu\u00e9spedes y Mascotas<\/span><\/h3>\t\t\t\t<\/div>\n\t\t\t\t<div class=\"elementor-element elementor-element-7fa4cc7 elementor-widget-divider--view-line elementor-widget elementor-widget-divider\" data-id=\"7fa4cc7\" data-element_type=\"widget\" data-widget_type=\"divider.default\">\n\t\t\t\t\t\t\t<div class=\"elementor-divider\">\n\t\t\t<span class=\"elementor-divider-separator\">\n\t\t\t\t\t\t<\/span>\n\t\t<\/div>\n\t\t\t\t\t\t<\/div>\n\t\t\t\t<div class=\"elementor-element elementor-element-3f67fad elementor-widget elementor-widget-text-editor\" data-id=\"3f67fad\" data-element_type=\"widget\" data-widget_type=\"text-editor.default\">\n\t\t\t\t\t\t\t\t\t<ul><li><span style=\"font-weight: 400;\">Capacidad: hasta 5 personas<\/span><\/li><li style=\"font-weight: 400;\" aria-level=\"1\"><span style=\"font-weight: 400;\">Menores de 2 a\u00f1os no pagan<\/span><\/li><li style=\"font-weight: 400;\" aria-level=\"1\"><span style=\"font-weight: 400;\">Personas adicionales: Consultar factibilidad y valores<\/span><\/li><li style=\"font-weight: 400;\" aria-level=\"1\"><span style=\"font-weight: 400;\">Mascotas permitidas con valor adicional: Consultar factibilidad y valores<\/span><\/li><li style=\"font-weight: 400;\" aria-level=\"1\"><span style=\"font-weight: 400;\">No est\u00e1 permitido fumar al interior de las caba\u00f1as<\/span><\/li><\/ul><ul><li style=\"list-style-type: none;\">\u00a0<\/li><\/ul>\t\t\t\t\t\t\t\t<\/div>\n\t\t\t\t<div class=\"elementor-element elementor-element-1da5ec4 elementor-widget elementor-widget-heading\" data-id=\"1da5ec4\" data-element_type=\"widget\" data-widget_type=\"heading.default\">\n\t\t\t\t\t<h3 class=\"elementor-heading-title elementor-size-default\"><span style=\"font-style: inherit\">Pol\u00edtica generales de reservas y cancelaciones<\/span><\/h3>\t\t\t\t<\/div>\n\t\t\t\t<div class=\"elementor-element elementor-element-c416822 elementor-widget elementor-widget-text-editor\" data-id=\"c416822\" data-element_type=\"widget\" data-widget_type=\"text-editor.default\">\n\t\t\t\t\t\t\t\t\t<ul><li style=\"font-weight: 400;\" aria-level=\"1\"><span style=\"font-weight: 400;\">Se reserva con el 50% del total v\u00eda transferencia o Webpay<\/span><\/li><li style=\"font-weight: 400;\" aria-level=\"1\"><span style=\"font-weight: 400;\">Cancelaci\u00f3n gratuita hasta 7 d\u00edas antes del check-in<\/span><\/li><li style=\"font-weight: 400;\" aria-level=\"1\"><span style=\"font-weight: 400;\">Cancelaci\u00f3n parcial hasta 3 d\u00edas antes del check-in (50%)<\/span><\/li><li style=\"font-weight: 400;\" aria-level=\"1\"><span style=\"font-weight: 400;\">Sin devoluciones a menos de 3 d\u00edas.<\/span><\/li><li style=\"font-weight: 400;\" aria-level=\"1\"><span style=\"font-weight: 400;\">Check-in: 15:00 hrs | Check-out: 12:00 hrs.<\/span><\/li><\/ul>\t\t\t\t\t\t\t\t<\/div>\n\t\t\t\t<\/div>\n\t\t\t\t\t<\/div>\n\t\t\t\t<\/div>\n\t\t<div class=\"elementor-element elementor-element-rlf7u0t e-flex e-con-boxed e-con e-parent\" data-id=\"rlf7u0t\" data-element_type=\"container\" data-settings=\"{&quot;background_background&quot;:&quot;classic&quot;}\">\n\t\t\t\t\t<div class=\"e-con-inner\">\n\t\t<div class=\"elementor-element elementor-element-560a2f2 e-con-full e-flex e-con e-child\" data-id=\"560a2f2\" data-element_type=\"container\">\n\t\t\t\t<\/div>\n\t\t<div class=\"elementor-element elementor-element-2969cd2 e-con-full e-flex e-con e-child\" data-id=\"2969cd2\" data-element_type=\"container\">\n\t\t\t\t<div class=\"elementor-element elementor-element-e609acf elementor-widget elementor-widget-heading\" data-id=\"e609acf\" data-element_type=\"widget\" data-widget_type=\"heading.default\">\n\t\t\t\t\t<h4 class=\"elementor-heading-title elementor-size-default\">Si buscas un lugar donde bajar el ritmo, respirar profundo y reconectar con lo esencial, Campos de Frutillar puede ser para ti.\n\n<\/h4>\t\t\t\t<\/div>\n\t\t\t\t<div class=\"elementor-element elementor-element-b2875ba elementor-align-center elementor-widget elementor-widget-button\" data-id=\"b2875ba\" data-element_type=\"widget\" data-widget_type=\"button.default\">\n\t\t\t\t\t\t\t\t\t\t<a class=\"elementor-button elementor-button-link elementor-size-sm\" href=\"http:\/\/airbnb.es\/h\/camposdefrutillarcabanaosorno%20\">\n\t\t\t\t\t\t<span class=\"elementor-button-content-wrapper\">\n\t\t\t\t\t\t\t\t\t<span class=\"elementor-button-text\">Reserva por Whatsapp<\/span>\n\t\t\t\t\t<\/span>\n\t\t\t\t\t<\/a>\n\t\t\t\t\t\t\t\t<\/div>\n\t\t\t\t<\/div>\n\t\t<div class=\"elementor-element elementor-element-dff0224 e-con-full e-flex e-con e-child\" data-id=\"dff0224\" data-element_type=\"container\">\n\t\t\t\t<\/div>\n\t\t\t\t\t<\/div>\n\t\t\t\t<\/div>\n\t\t<div class=\"elementor-element elementor-element-xdrvmj7 e-flex e-con-boxed e-con e-parent\" data-id=\"xdrvmj7\" data-element_type=\"container\">\n\t\t\t\t\t<div class=\"e-con-inner\">\n\t\t<div class=\"elementor-element elementor-element-3b5731b e-con-full e-flex e-con e-child\" data-id=\"3b5731b\" data-element_type=\"container\">\n\t\t\t\t<div class=\"elementor-element elementor-element-63972dd elementor-widget elementor-widget-hfe-infocard\" data-id=\"63972dd\" data-element_type=\"widget\" data-widget_type=\"hfe-infocard.default\">\n\t\t\t\t<div class=\"elementor-widget-container\">\n\t\t\t\t\t\n\t\t<div class=\"hfe-infocard\">\n\t\t\t\t\t\t\t\t\t<div class=\"hfe-infocard-title-wrap\">\n\t\t\t\t<h4 class=\"hfe-infocard-title elementor-inline-editing\" data-elementor-setting-key=\"infocard_title\" data-elementor-inline-editing-toolbar=\"basic\" >Proyecci\u00f3n y conexi\u00f3n con el territorio<\/h4>\t\t\t<\/div>\n\t\t\t\t\t\t<div class=\"hfe-infocard-text-wrap\">\n\t\t\t\t<div class=\"hfe-infocard-text elementor-inline-editing\" data-elementor-setting-key=\"infocard_description\" data-elementor-inline-editing-toolbar=\"advanced\">\n\t\t\t\t\t<p><b>Un proyecto en crecimiento<br><\/b>\nCampos de Frutillar nace desde el amor por la vida de campo y el deseo de aportar, a largo plazo, a un turismo m\u00e1s consciente, al cuidado del entorno y a la valorizaci\u00f3n de Frutillar y su territorio.<br>\nEste sitio ser\u00e1, con el tiempo, un espacio donde compartir no solo alojamiento, sino tambi\u00e9n informaci\u00f3n sobre turismo local, sostenibilidad y econom\u00eda circular, siempre desde una mirada simple, cercana y honesta.<\/p>\t\t\t\t<\/div>\n\t\t\t\t\t\t\t<\/div>\n\t\t<\/div>\n\n\t\t\t\t\t\t<\/div>\n\t\t\t\t<\/div>\n\t\t\t\t<div class=\"elementor-element elementor-element-ad70fc3 elementor-align-left elementor-widget elementor-widget-button\" data-id=\"ad70fc3\" data-element_type=\"widget\" data-widget_type=\"button.default\">\n\t\t\t\t\t\t\t\t\t\t<a class=\"elementor-button elementor-button-link elementor-size-sm\" href=\"http:\/\/airbnb.es\/h\/camposdefrutillarcabanaosorno%20\">\n\t\t\t\t\t\t<span class=\"elementor-button-content-wrapper\">\n\t\t\t\t\t\t\t\t\t<span class=\"elementor-button-text\">Reserva por Whatsapp<\/span>\n\t\t\t\t\t<\/span>\n\t\t\t\t\t<\/a>\n\t\t\t\t\t\t\t\t<\/div>\n\t\t\t\t<\/div>\n\t\t<div class=\"elementor-element elementor-element-162cad4 elementor-hidden-mobile e-con-full e-flex e-con e-child\" data-id=\"162cad4\" data-element_type=\"container\">\n\t\t\t\t<div class=\"elementor-element elementor-element-8aee090 elementor-widget elementor-widget-image\" data-id=\"8aee090\" data-element_type=\"widget\" data-widget_type=\"image.default\">\n\t\t\t\t\t\t\t\t\t\t\t\t\t\t\t<img fetchpriority=\"high\" decoding=\"async\" width=\"922\" height=\"1224\" src=\"https:\/\/camposdefrutillar.cl\/wp-content\/uploads\/2026\/01\/IMG_20250106_174745048_AE2-1.jpg\" class=\"attachment-full size-full wp-image-192\" alt=\"\" \/>\t\t\t\t\t\t\t\t\t\t\t\t\t\t\t<\/div>\n\t\t\t\t<\/div>\n\t\t\t\t\t<\/div>\n\t\t\t\t<\/div>\n\t\t<div class=\"elementor-element elementor-element-z0t6xbw e-flex e-con-boxed e-con e-parent\" data-id=\"z0t6xbw\" data-element_type=\"container\" data-settings=\"{&quot;background_background&quot;:&quot;classic&quot;}\">\n\t\t\t\t\t<div class=\"e-con-inner\">\n\t\t<div class=\"elementor-element elementor-element-d13f07f e-con-full e-flex e-con e-child\" data-id=\"d13f07f\" data-element_type=\"container\">\n\t\t\t\t<div class=\"elementor-element elementor-element-ba599af elementor-widget elementor-widget-heading\" data-id=\"ba599af\" data-element_type=\"widget\" data-widget_type=\"heading.default\">\n\t\t\t\t\t<h1 class=\"elementor-heading-title elementor-size-default\">\u00bfNecesitas ayuda?<\/h1>\t\t\t\t<\/div>\n\t\t\t\t<div class=\"elementor-element elementor-element-03937cd elementor-widget elementor-widget-text-editor\" data-id=\"03937cd\" data-element_type=\"widget\" data-widget_type=\"text-editor.default\">\n\t\t\t\t\t\t\t\t\t<p>Cont\u00e1ctate con nosotros<\/p>\t\t\t\t\t\t\t\t<\/div>\n\t\t\t\t<div class=\"elementor-element elementor-element-faa82c0 elementor-align-center elementor-widget elementor-widget-button\" data-id=\"faa82c0\" data-element_type=\"widget\" data-widget_type=\"button.default\">\n\t\t\t\t\t\t\t\t\t\t<a class=\"elementor-button elementor-button-link elementor-size-sm\" href=\"http:\/\/airbnb.es\/h\/camposdefrutillarcabanaosorno%20\">\n\t\t\t\t\t\t<span class=\"elementor-button-content-wrapper\">\n\t\t\t\t\t\t\t\t\t<span class=\"elementor-button-text\">Consulta al Whatsapp<\/span>\n\t\t\t\t\t<\/span>\n\t\t\t\t\t<\/a>\n\t\t\t\t\t\t\t\t<\/div>\n\t\t\t\t<\/div>\n\t\t\t\t\t<\/div>\n\t\t\t\t<\/div>\n\t\t\t\t<\/div>\n\t\t","protected":false},"excerpt":{"rendered":"<p>Bienvenidos a campos de Frutillar Tarifario 2025-2026 Editar Temporada Baja* (Valor por noche) Temporada Alta* (Valor por noche) Caba\u00f1a hasta [&hellip;]<\/p>\n","protected":false},"author":1,"featured_media":0,"parent":0,"menu_order":0,"comment_status":"closed","ping_status":"closed","template":"","meta":{"site-sidebar-layout":"no-sidebar","site-content-layout":"","ast-site-content-layout":"full-width-container","site-content-style":"default","site-sidebar-style":"default","ast-global-header-display":"","ast-banner-title-visibility":"","ast-main-header-display":"","ast-hfb-above-header-display":"","ast-hfb-below-header-display":"","ast-hfb-mobile-header-display":"","site-post-title":"disabled","ast-breadcrumbs-content":"","ast-featured-img":"disabled","footer-sml-layout":"","ast-disable-related-posts":"","theme-transparent-header-meta":"","adv-header-id-meta":"","stick-header-meta":"","header-above-stick-meta":"","header-main-stick-meta":"","header-below-stick-meta":"","astra-migrate-meta-layouts":"default","ast-page-background-enabled":"default","ast-page-background-meta":{"desktop":{"background-color":"var(--ast-global-color-5)","background-image":"","background-repeat":"repeat","background-position":"center center","background-size":"auto","background-attachment":"scroll","background-type":"","background-media":"","overlay-type":"","overlay-color":"","overlay-opacity":"","overlay-gradient":""},"tablet":{"background-color":"","background-image":"","background-repeat":"repeat","background-position":"center center","background-size":"auto","background-attachment":"scroll","background-type":"","background-media":"","overlay-type":"","overlay-color":"","overlay-opacity":"","overlay-gradient":""},"mobile":{"background-color":"","background-image":"","background-repeat":"repeat","background-position":"center center","background-size":"auto","background-attachment":"scroll","background-type":"","background-media":"","overlay-type":"","overlay-color":"","overlay-opacity":"","overlay-gradient":""}},"ast-content-background-meta":{"desktop":{"background-color":"var(--ast-global-color-4)","background-image":"","background-repeat":"repeat","background-position":"center center","background-size":"auto","background-attachment":"scroll","background-type":"","background-media":"","overlay-type":"","overlay-color":"","overlay-opacity":"","overlay-gradient":""},"tablet":{"background-color":"var(--ast-global-color-4)","background-image":"","background-repeat":"repeat","background-position":"center center","background-size":"auto","background-attachment":"scroll","background-type":"","background-media":"","overlay-type":"","overlay-color":"","overlay-opacity":"","overlay-gradient":""},"mobile":{"background-color":"var(--ast-global-color-4)","background-image":"","background-repeat":"repeat","background-position":"center center","background-size":"auto","background-attachment":"scroll","background-type":"","background-media":"","overlay-type":"","overlay-color":"","overlay-opacity":"","overlay-gradient":""}},"footnotes":""},"class_list":["post-235","page","type-page","status-publish","hentry"],"_links":{"self":[{"href":"https:\/\/camposdefrutillar.cl\/index.php\/wp-json\/wp\/v2\/pages\/235","targetHints":{"allow":["GET"]}}],"collection":[{"href":"https:\/\/camposdefrutillar.cl\/index.php\/wp-json\/wp\/v2\/pages"}],"about":[{"href":"https:\/\/camposdefrutillar.cl\/index.php\/wp-json\/wp\/v2\/types\/page"}],"author":[{"embeddable":true,"href":"https:\/\/camposdefrutillar.cl\/index.php\/wp-json\/wp\/v2\/users\/1"}],"replies":[{"embeddable":true,"href":"https:\/\/camposdefrutillar.cl\/index.php\/wp-json\/wp\/v2\/comments?post=235"}],"version-history":[{"count":21,"href":"https:\/\/camposdefrutillar.cl\/index.php\/wp-json\/wp\/v2\/pages\/235\/revisions"}],"predecessor-version":[{"id":304,"href":"https:\/\/camposdefrutillar.cl\/index.php\/wp-json\/wp\/v2\/pages\/235\/revisions\/304"}],"wp:attachment":[{"href":"https:\/\/camposdefrutillar.cl\/index.php\/wp-json\/wp\/v2\/media?parent=235"}],"curies":[{"name":"wp","href":"https:\/\/api.w.org\/{rel}","templated":true}]}}